{"id":253,"date":"2025-09-28T11:41:26","date_gmt":"2025-09-28T09:41:26","guid":{"rendered":"https:\/\/fogaszatimplant.hu\/?page_id=253"},"modified":"2026-02-16T20:01:57","modified_gmt":"2026-02-16T19:01:57","slug":"imprint","status":"publish","type":"page","link":"https:\/\/drszolnayzoltan.hu\/en\/impresszum\/","title":{"rendered":"Imprint"},"content":{"rendered":"<div data-elementor-type=\"wp-page\" data-elementor-id=\"253\" class=\"elementor elementor-253\" data-elementor-post-type=\"page\">\n\t\t\t\t<div class=\"elementor-element elementor-element-36a92d2 e-flex e-con-boxed e-con e-parent\" data-id=\"36a92d2\" data-element_type=\"container\" data-e-type=\"container\">\n\t\t\t\t\t<div class=\"e-con-inner\">\n\t\t<div class=\"elementor-element elementor-element-34765c8 e-con-full e-flex e-con e-child\" data-id=\"34765c8\" data-element_type=\"container\" data-e-type=\"container\">\n\t\t\t\t<div class=\"elementor-element elementor-element-fd336ff elementor-widget elementor-widget-heading\" data-id=\"fd336ff\" data-element_type=\"widget\" data-e-type=\"widget\" data-widget_type=\"heading.default\">\n\t\t\t\t\t<h2 class=\"elementor-heading-title elementor-size-default\">Imprint<\/h2>\t\t\t\t<\/div>\n\t\t\t\t<div class=\"elementor-element elementor-element-ac77fe5 elementor-widget elementor-widget-heading\" data-id=\"ac77fe5\" data-element_type=\"widget\" data-e-type=\"widget\" data-widget_type=\"heading.default\">\n\t\t\t\t\t<h1 class=\"elementor-heading-title elementor-size-default\">Impresszum - drszolnayzoltan.hu - Dekor Dent Implant Bt.<\/h1>\t\t\t\t<\/div>\n\t\t\t\t<\/div>\n\t\t\t\t\t<\/div>\n\t\t\t\t<\/div>\n\t\t<div class=\"elementor-element elementor-element-e2379de e-flex e-con-boxed e-con e-parent\" data-id=\"e2379de\" data-element_type=\"container\" data-e-type=\"container\">\n\t\t\t\t\t<div class=\"e-con-inner\">\n\t\t<div class=\"elementor-element elementor-element-775f4fb e-con-full e-flex e-con e-child\" data-id=\"775f4fb\" data-element_type=\"container\" data-e-type=\"container\">\n\t\t\t\t<div class=\"elementor-element elementor-element-5cf08cb elementor-widget elementor-widget-text-editor\" data-id=\"5cf08cb\" data-element_type=\"widget\" data-e-type=\"widget\" data-widget_type=\"text-editor.default\">\n\t\t\t\t\t\t\t\t\t<p>Company name: Dekor Dent Implant Bt.<br \/>Headquarters: 1123 Budapest, M\u00e1rv\u00e1ny Street 29, 3rd floor, 1st door<br \/>Office: 1036 Budapest, B\u00e9csi \u00fat 52. III. floor 4.<br \/>Phone: 06 20 470 5146<br \/>E-mail: kapcsolat@drszolnayzoltan.hu<br \/>Internet: drszolnayzoltan.hu<\/p><p>The authority registering the company: Commercial Court of the Metropolitan Court<br \/>Company registration number: 01-06-796321<br \/>Tax number: 22564537-1-43<\/p><p>Chamber: Budapest Chamber of Commerce and Industry<br \/>Hosting provider: RACKFOREST INFORMATION TECHNOLOGY TRADE SERVICE AND CONSULTANCY LTD. (1132 Budapest, Victor Hugo utca 18-22, 3rd floor, 3008 a. info@rackforest.hu)<\/p>\t\t\t\t\t\t\t\t<\/div>\n\t\t\t\t<\/div>\n\t\t\t\t\t<\/div>\n\t\t\t\t<\/div>\n\t\t\t\t<\/div>","protected":false},"excerpt":{"rendered":"<p>Impresszum Impresszum &#8211; drszolnayzoltan.hu &#8211; Dekor Dent Implant Bt. C\u00e9gn\u00e9v: Dekor Dent Implant BtSz\u00e9khely: 1123 Budapest, M\u00e1rv\u00e1ny utca 29. 3. em. 1. ajt\u00f3Rendel\u0151: 1036 Budapest, B\u00e9csi \u00fat 52. III. em 4.Telefon: 06 20 470 5146E-mail: kapcsolat@drszolnayzoltan.huInternet: drszolnayzoltan.hu A c\u00e9get bejegyz\u0151 hat\u00f3s\u00e1g: F\u0151v\u00e1rosi T\u00f6rv\u00e9nysz\u00e9k C\u00e9gb\u00edr\u00f3s\u00e1gaC\u00e9gjegyz\u00e9ksz\u00e1m: 01-06-796321Ad\u00f3sz\u00e1m: 22564537-1-43 Kamara: Budapesti Kereskedelmi \u00e9s IparkamaraT\u00e1rhelyszolg\u00e1ltat\u00f3: RACKFOREST INFORMATIKAI KERESKEDELMI SZOLG\u00c1LTAT\u00d3 [&hellip;]<\/p>\n","protected":false},"author":1,"featured_media":0,"parent":0,"menu_order":0,"comment_status":"closed","ping_status":"closed","template":"elementor_header_footer","meta":{"_seopress_robots_primary_cat":"","_seopress_titles_title":"","_seopress_titles_desc":"","_seopress_robots_index":"yes","footnotes":""},"class_list":["post-253","page","type-page","status-publish","hentry"],"_links":{"self":[{"href":"https:\/\/drszolnayzoltan.hu\/en\/wp-json\/wp\/v2\/pages\/253","targetHints":{"allow":["GET"]}}],"collection":[{"href":"https:\/\/drszolnayzoltan.hu\/en\/wp-json\/wp\/v2\/pages"}],"about":[{"href":"https:\/\/drszolnayzoltan.hu\/en\/wp-json\/wp\/v2\/types\/page"}],"author":[{"embeddable":true,"href":"https:\/\/drszolnayzoltan.hu\/en\/wp-json\/wp\/v2\/users\/1"}],"replies":[{"embeddable":true,"href":"https:\/\/drszolnayzoltan.hu\/en\/wp-json\/wp\/v2\/comments?post=253"}],"version-history":[{"count":37,"href":"https:\/\/drszolnayzoltan.hu\/en\/wp-json\/wp\/v2\/pages\/253\/revisions"}],"predecessor-version":[{"id":3201,"href":"https:\/\/drszolnayzoltan.hu\/en\/wp-json\/wp\/v2\/pages\/253\/revisions\/3201"}],"wp:attachment":[{"href":"https:\/\/drszolnayzoltan.hu\/en\/wp-json\/wp\/v2\/media?parent=253"}],"curies":[{"name":"wp","href":"https:\/\/api.w.org\/{rel}","templated":true}]}}